{"id":674,"date":"2023-07-17T15:15:55","date_gmt":"2023-07-17T13:15:55","guid":{"rendered":"https:\/\/agentur-schneckenreither.com\/?page_id=674"},"modified":"2025-05-09T09:00:39","modified_gmt":"2025-05-09T07:00:39","slug":"impressum","status":"publish","type":"page","link":"https:\/\/agentur-schneckenreither.com\/fr\/impressum\/","title":{"rendered":"Impressum"},"content":{"rendered":"<h5 class=\"wp-block-heading\">WEBSEITENBETREIBER<\/h5>\n\n\n\n<p>Roland Schneckenreither<\/p>\n\n\n\n<h5 class=\"wp-block-heading\">INFORMATIONEN \u00dcBER DAS UNTERNEHMEN<\/h5>\n\n\n\n<p>Einzelunternehmer<\/p>\n\n\n\n<p>Schweizerstra\u00dfe 9b<\/p>\n\n\n\n<p>Rankweil , 6830<\/p>\n\n\n\n<p><strong>rs@agentur-schneckenreither.com<\/strong><\/p>\n\n\n\n<p>0699 12243496<\/p>\n\n\n\n<h5 class=\"wp-block-heading\">INFORMATIONEN \u00dcBER DIE UNTERNEHMENSREGISTRIERUNG<\/h5>\n\n\n\n<p>UID: ATU57923224<\/p>\n\n\n\n<p>Zust\u00e4ndiges Gericht: Feldkrich<\/p>","protected":false},"excerpt":{"rendered":"<p>WEBSEITENBETREIBER Roland Schneckenreither INFORMATIONEN \u00dcBER DAS UNTERNEHMEN Einzelunternehmer Schweizerstra\u00dfe 9b Rankweil , 6830 rs@agentur-schneckenreither.com 0699 12243496 INFORMATIONEN \u00dcBER DIE UNTERNEHMENSREGISTRIERUNG UID: ATU57923224 Zust\u00e4ndiges Gericht: Feldkrich<\/p>","protected":false},"author":1,"featured_media":0,"parent":0,"menu_order":0,"comment_status":"closed","ping_status":"closed","template":"","meta":{"neve_meta_sidebar":"","neve_meta_container":"","neve_meta_enable_content_width":"","neve_meta_content_width":0,"neve_meta_title_alignment":"","neve_meta_author_avatar":"","neve_post_elements_order":"","neve_meta_disable_header":"","neve_meta_disable_footer":"","neve_meta_disable_title":"","_themeisle_gutenberg_block_has_review":false,"footnotes":""},"class_list":["post-674","page","type-page","status-publish","hentry"],"_links":{"self":[{"href":"https:\/\/agentur-schneckenreither.com\/fr\/wp-json\/wp\/v2\/pages\/674","targetHints":{"allow":["GET"]}}],"collection":[{"href":"https:\/\/agentur-schneckenreither.com\/fr\/wp-json\/wp\/v2\/pages"}],"about":[{"href":"https:\/\/agentur-schneckenreither.com\/fr\/wp-json\/wp\/v2\/types\/page"}],"author":[{"embeddable":true,"href":"https:\/\/agentur-schneckenreither.com\/fr\/wp-json\/wp\/v2\/users\/1"}],"replies":[{"embeddable":true,"href":"https:\/\/agentur-schneckenreither.com\/fr\/wp-json\/wp\/v2\/comments?post=674"}],"version-history":[{"count":3,"href":"https:\/\/agentur-schneckenreither.com\/fr\/wp-json\/wp\/v2\/pages\/674\/revisions"}],"predecessor-version":[{"id":735,"href":"https:\/\/agentur-schneckenreither.com\/fr\/wp-json\/wp\/v2\/pages\/674\/revisions\/735"}],"wp:attachment":[{"href":"https:\/\/agentur-schneckenreither.com\/fr\/wp-json\/wp\/v2\/media?parent=674"}],"curies":[{"name":"wp","href":"https:\/\/api.w.org\/{rel}","templated":true}]}}