{"id":307,"date":"2023-05-22T13:25:47","date_gmt":"2023-05-22T11:25:47","guid":{"rendered":"https:\/\/agentur-schneckenreither.com\/?page_id=307"},"modified":"2024-03-03T12:58:33","modified_gmt":"2024-03-03T11:58:33","slug":"lcm-schokoladenmaschine","status":"publish","type":"page","link":"https:\/\/agentur-schneckenreither.com\/fr\/lcm-schokoladenmaschine\/","title":{"rendered":"Machines \u00e0 chocolat LCM"},"content":{"rendered":"<p>LCM Schokoladenmaschinen a \u00e9t\u00e9 fond\u00e9e en 2000 par J\u00fcrgen et Markus Leute, deux fr\u00e8res constructeurs de machines exp\u00e9riment\u00e9s dans le secteur. Chez LCM, le savoir technique et la longue exp\u00e9rience dans le traitement du chocolat se rejoignent. Il en r\u00e9sulte un assortiment de machines taill\u00e9es sur mesure pour l'artisanat de la p\u00e2tisserie et de la confiserie.&nbsp;<\/p>\n\n\n\n<p>La gamme hautement sp\u00e9cialis\u00e9e de machines et d'installations pour le traitement du chocolat offre des possibilit\u00e9s d'utilisation tr\u00e8s flexibles, des processus sans faille et un confort d'utilisation maximal. Dissoudre - temp\u00e9rer - mouler - enrober - refroidir : ce sont tous ces processus dans le traitement du chocolat qui sont assur\u00e9s par les machines \u00e0 chocolat LCM avec une qualit\u00e9 \u00e9lev\u00e9e et constante.<\/p>\n\n\n\n<p>\"Individuel - Innovant - \u00c9conomique\" - c'est sous cette devise que LCM d\u00e9veloppe et produit des machines de qualit\u00e9 - Made in Germany - \u00e0 Ravensburg, au bord du lac de Constance. De nombreuses confiseries et chocolatiers de renom font confiance aux machines \u00e0 chocolat LCM en Suisse, en Autriche et, en outre, dans de nombreux autres pays.<\/p>\n\n\n\n<div class=\"wp-block-columns is-layout-flex wp-container-core-columns-is-layout-9d6595d7 wp-block-columns-is-layout-flex\">\n<div class=\"wp-block-column is-layout-flow wp-block-column-is-layout-flow\" style=\"flex-basis:100%\">\n<div class=\"wp-block-group\"><div class=\"wp-block-group__inner-container is-layout-constrained wp-block-group-is-layout-constrained\">\n<div id=\"wp-block-themeisle-blocks-slider-bcd31a94\" class=\"wp-block-themeisle-blocks-slider glide\" data-per-view=\"3\" data-gap=\"3\" data-peek=\"48\" data-autoplay=\"7000\" data-height=\"400px\" data-hide-arrows=\"false\"><div class=\"glide__track\" data-glide-el=\"track\"><div class=\"glide__slides\"><div class=\"wp-block-themeisle-blocks-slider-item-wrapper glide__slide\" tabindex=\"0\"><figure><img decoding=\"async\" class=\"wp-block-themeisle-blocks-slider-item\" src=\"https:\/\/agentur-schneckenreither.com\/wp-content\/uploads\/2023\/05\/A7307731-3.jpg\" alt=\"\" title=\"\" data-id=\"344\"\/><\/figure><\/div><div class=\"wp-block-themeisle-blocks-slider-item-wrapper glide__slide\" tabindex=\"0\"><figure><img decoding=\"async\" class=\"wp-block-themeisle-blocks-slider-item\" src=\"https:\/\/agentur-schneckenreither.com\/wp-content\/uploads\/2023\/05\/Sandy.jpg\" alt=\"\" title=\"\" data-id=\"347\"\/><\/figure><\/div><div class=\"wp-block-themeisle-blocks-slider-item-wrapper glide__slide\" tabindex=\"0\"><figure><img decoding=\"async\" class=\"wp-block-themeisle-blocks-slider-item\" src=\"https:\/\/agentur-schneckenreither.com\/wp-content\/uploads\/2023\/05\/LCM-CTB.jpg\" alt=\"\" title=\"\" data-id=\"345\"\/><\/figure><\/div><div class=\"wp-block-themeisle-blocks-slider-item-wrapper glide__slide\" tabindex=\"0\"><figure><img decoding=\"async\" class=\"wp-block-themeisle-blocks-slider-item\" src=\"https:\/\/agentur-schneckenreither.com\/wp-content\/uploads\/2023\/05\/JH-Dekor.jpg\" alt=\"\" title=\"\" data-id=\"350\"\/><\/figure><\/div><div class=\"wp-block-themeisle-blocks-slider-item-wrapper glide__slide\" tabindex=\"0\"><figure><img decoding=\"async\" class=\"wp-block-themeisle-blocks-slider-item\" src=\"https:\/\/agentur-schneckenreither.com\/wp-content\/uploads\/2023\/05\/IMG_20201028_113240.jpg\" alt=\"\" title=\"\" data-id=\"351\"\/><\/figure><\/div><div class=\"wp-block-themeisle-blocks-slider-item-wrapper glide__slide\" tabindex=\"0\"><figure><img decoding=\"async\" class=\"wp-block-themeisle-blocks-slider-item\" src=\"https:\/\/agentur-schneckenreither.com\/wp-content\/uploads\/2023\/05\/IMG_20200915_111944.jpg\" alt=\"\" title=\"\" data-id=\"352\"\/><\/figure><\/div><div class=\"wp-block-themeisle-blocks-slider-item-wrapper glide__slide\" tabindex=\"0\"><figure><img decoding=\"async\" class=\"wp-block-themeisle-blocks-slider-item\" src=\"https:\/\/agentur-schneckenreither.com\/wp-content\/uploads\/2023\/05\/Guglhupf-2.jpg\" alt=\"\" title=\"\" data-id=\"353\"\/><\/figure><\/div><div class=\"wp-block-themeisle-blocks-slider-item-wrapper glide__slide\" tabindex=\"0\"><figure><img decoding=\"async\" class=\"wp-block-themeisle-blocks-slider-item\" src=\"https:\/\/agentur-schneckenreither.com\/wp-content\/uploads\/2023\/05\/A7309294-3.jpg\" alt=\"\" title=\"\" data-id=\"354\"\/><\/figure><\/div><\/div><div class=\"glide__bullets\" data-glide-el=\"controls[nav]\"><button class=\"glide__bullet\" data-glide-dir=\"=0\"><\/button><button class=\"glide__bullet\" data-glide-dir=\"=1\"><\/button><button class=\"glide__bullet\" data-glide-dir=\"=2\"><\/button><button class=\"glide__bullet\" data-glide-dir=\"=3\"><\/button><button class=\"glide__bullet\" data-glide-dir=\"=4\"><\/button><button class=\"glide__bullet\" data-glide-dir=\"=5\"><\/button><button class=\"glide__bullet\" data-glide-dir=\"=6\"><\/button><button class=\"glide__bullet\" data-glide-dir=\"=7\"><\/button><\/div><\/div><\/div>\n<\/div><\/div>\n\n\n\n<div class=\"wp-block-group\"><div class=\"wp-block-group__inner-container is-layout-constrained wp-block-group-is-layout-constrained\">\n<p><\/p>\n<\/div><\/div>\n<\/div>\n<\/div>\n\n\n\n<h4 class=\"wp-block-heading\">LCM MACHINES \u00c0 CHOCOLAT<\/h4>\n\n\n\n<ul class=\"wp-block-list\">\n<li>Qualit\u00e9 de temp\u00e9rage continue et constante du chocolat \u00e0 traiter<\/li>\n\n\n\n<li>Brillance et longue conservation de vos produits en chocolat<\/li>\n\n\n\n<li>Les machines de thermor\u00e9gulation peuvent \u00eatre enti\u00e8rement nettoy\u00e9es \u00e0 l'eau chaude.<\/li>\n\n\n\n<li>Des syst\u00e8mes sophistiqu\u00e9s pour des possibilit\u00e9s d'utilisation aussi flexibles que possible, des processus sans heurts et avec un confort d'utilisation maximal.<\/li>\n\n\n\n<li>Principales applications : dissoudre - temp\u00e9rer - verser - enrober - refroidir.<\/li>\n\n\n\n<li>Service - rapide et comp\u00e9tent. En cas de besoin, \u00e9galement rapidement sur place.<\/li>\n<\/ul>\n\n\n\n<p>Page d'accueil :&nbsp;<a rel=\"noreferrer noopener\" href=\"http:\/\/www.lcm.de\/\" target=\"_blank\">www.lcm.de<\/a><\/p>\n\n\n\n<div class=\"wp-block-group\"><div class=\"wp-block-group__inner-container is-layout-constrained wp-block-group-is-layout-constrained\">\n<div class=\"wp-block-columns is-layout-flex wp-container-core-columns-is-layout-9d6595d7 wp-block-columns-is-layout-flex\">\n<div class=\"wp-block-column is-layout-flow wp-block-column-is-layout-flow\" style=\"flex-basis:100%\">\n<figure class=\"wp-block-gallery has-nested-images columns-default is-cropped wp-block-gallery-1 is-layout-flex wp-block-gallery-is-layout-flex\">\n<figure class=\"wp-block-image\"><img loading=\"lazy\" decoding=\"async\" width=\"1000\" height=\"1000\" data-id=\"496\" src=\"https:\/\/agentur-schneckenreither.com\/wp-content\/uploads\/2023\/06\/Slide1.png\" alt=\"\" class=\"wp-image-496\" srcset=\"https:\/\/agentur-schneckenreither.com\/wp-content\/uploads\/2023\/06\/Slide1.png 1000w, https:\/\/agentur-schneckenreither.com\/wp-content\/uploads\/2023\/06\/Slide1-300x300.png 300w, https:\/\/agentur-schneckenreither.com\/wp-content\/uploads\/2023\/06\/Slide1-150x150.png 150w, https:\/\/agentur-schneckenreither.com\/wp-content\/uploads\/2023\/06\/Slide1-768x768.png 768w\" sizes=\"auto, (max-width: 1000px) 100vw, 1000px\" \/><figcaption class=\"wp-element-caption\">LCM Temperiersystem<\/figcaption><\/figure>\n\n\n\n<figure class=\"wp-block-image\"><img loading=\"lazy\" decoding=\"async\" width=\"1000\" height=\"1000\" data-id=\"494\" src=\"https:\/\/agentur-schneckenreither.com\/wp-content\/uploads\/2023\/06\/Slide3.png\" alt=\"\" class=\"wp-image-494\" srcset=\"https:\/\/agentur-schneckenreither.com\/wp-content\/uploads\/2023\/06\/Slide3.png 1000w, https:\/\/agentur-schneckenreither.com\/wp-content\/uploads\/2023\/06\/Slide3-300x300.png 300w, https:\/\/agentur-schneckenreither.com\/wp-content\/uploads\/2023\/06\/Slide3-150x150.png 150w, https:\/\/agentur-schneckenreither.com\/wp-content\/uploads\/2023\/06\/Slide3-768x768.png 768w\" sizes=\"auto, (max-width: 1000px) 100vw, 1000px\" \/><figcaption class=\"wp-element-caption\">LCM 10&#8243;- Display<\/figcaption><\/figure>\n\n\n\n<figure class=\"wp-block-image\"><img loading=\"lazy\" decoding=\"async\" width=\"1000\" height=\"1000\" data-id=\"485\" src=\"https:\/\/agentur-schneckenreither.com\/wp-content\/uploads\/2023\/06\/Slide13.png\" alt=\"\" class=\"wp-image-485\" srcset=\"https:\/\/agentur-schneckenreither.com\/wp-content\/uploads\/2023\/06\/Slide13.png 1000w, https:\/\/agentur-schneckenreither.com\/wp-content\/uploads\/2023\/06\/Slide13-300x300.png 300w, https:\/\/agentur-schneckenreither.com\/wp-content\/uploads\/2023\/06\/Slide13-150x150.png 150w, https:\/\/agentur-schneckenreither.com\/wp-content\/uploads\/2023\/06\/Slide13-768x768.png 768w\" sizes=\"auto, (max-width: 1000px) 100vw, 1000px\" \/><figcaption class=\"wp-element-caption\">LCM 25 AT<\/figcaption><\/figure>\n\n\n\n<figure class=\"wp-block-image\"><img loading=\"lazy\" decoding=\"async\" width=\"1000\" height=\"1000\" data-id=\"486\" src=\"https:\/\/agentur-schneckenreither.com\/wp-content\/uploads\/2023\/06\/Slide12.png\" alt=\"\" class=\"wp-image-486\" srcset=\"https:\/\/agentur-schneckenreither.com\/wp-content\/uploads\/2023\/06\/Slide12.png 1000w, https:\/\/agentur-schneckenreither.com\/wp-content\/uploads\/2023\/06\/Slide12-300x300.png 300w, https:\/\/agentur-schneckenreither.com\/wp-content\/uploads\/2023\/06\/Slide12-150x150.png 150w, https:\/\/agentur-schneckenreither.com\/wp-content\/uploads\/2023\/06\/Slide12-768x768.png 768w\" sizes=\"auto, (max-width: 1000px) 100vw, 1000px\" \/><figcaption class=\"wp-element-caption\">LCM 50 AT<\/figcaption><\/figure>\n\n\n\n<figure class=\"wp-block-image\"><img loading=\"lazy\" decoding=\"async\" width=\"1000\" height=\"1000\" data-id=\"487\" src=\"https:\/\/agentur-schneckenreither.com\/wp-content\/uploads\/2023\/06\/Slide11.png\" alt=\"\" class=\"wp-image-487\" srcset=\"https:\/\/agentur-schneckenreither.com\/wp-content\/uploads\/2023\/06\/Slide11.png 1000w, https:\/\/agentur-schneckenreither.com\/wp-content\/uploads\/2023\/06\/Slide11-300x300.png 300w, https:\/\/agentur-schneckenreither.com\/wp-content\/uploads\/2023\/06\/Slide11-150x150.png 150w, https:\/\/agentur-schneckenreither.com\/wp-content\/uploads\/2023\/06\/Slide11-768x768.png 768w\" sizes=\"auto, (max-width: 1000px) 100vw, 1000px\" \/><figcaption class=\"wp-element-caption\">LCM TWIN Temper <\/figcaption><\/figure>\n\n\n\n<figure class=\"wp-block-image\"><img loading=\"lazy\" decoding=\"async\" width=\"1000\" height=\"1000\" data-id=\"492\" src=\"https:\/\/agentur-schneckenreither.com\/wp-content\/uploads\/2023\/06\/Slide6.png\" alt=\"\" class=\"wp-image-492\" srcset=\"https:\/\/agentur-schneckenreither.com\/wp-content\/uploads\/2023\/06\/Slide6.png 1000w, https:\/\/agentur-schneckenreither.com\/wp-content\/uploads\/2023\/06\/Slide6-300x300.png 300w, https:\/\/agentur-schneckenreither.com\/wp-content\/uploads\/2023\/06\/Slide6-150x150.png 150w, https:\/\/agentur-schneckenreither.com\/wp-content\/uploads\/2023\/06\/Slide6-768x768.png 768w\" sizes=\"auto, (max-width: 1000px) 100vw, 1000px\" \/><figcaption class=\"wp-element-caption\">LCM TRIPLE TEMPER <\/figcaption><\/figure>\n\n\n\n<figure class=\"wp-block-image\"><img loading=\"lazy\" decoding=\"async\" width=\"1000\" height=\"1000\" data-id=\"490\" src=\"https:\/\/agentur-schneckenreither.com\/wp-content\/uploads\/2023\/06\/Slide8.png\" alt=\"\" class=\"wp-image-490\" srcset=\"https:\/\/agentur-schneckenreither.com\/wp-content\/uploads\/2023\/06\/Slide8.png 1000w, https:\/\/agentur-schneckenreither.com\/wp-content\/uploads\/2023\/06\/Slide8-300x300.png 300w, https:\/\/agentur-schneckenreither.com\/wp-content\/uploads\/2023\/06\/Slide8-150x150.png 150w, https:\/\/agentur-schneckenreither.com\/wp-content\/uploads\/2023\/06\/Slide8-768x768.png 768w\" sizes=\"auto, (max-width: 1000px) 100vw, 1000px\" \/><figcaption class=\"wp-element-caption\">LCM KASKADENTEMPER <\/figcaption><\/figure>\n\n\n\n<figure class=\"wp-block-image\"><img loading=\"lazy\" decoding=\"async\" width=\"1000\" height=\"1000\" data-id=\"484\" src=\"https:\/\/agentur-schneckenreither.com\/wp-content\/uploads\/2023\/06\/Slide14.png\" alt=\"\" class=\"wp-image-484\" srcset=\"https:\/\/agentur-schneckenreither.com\/wp-content\/uploads\/2023\/06\/Slide14.png 1000w, https:\/\/agentur-schneckenreither.com\/wp-content\/uploads\/2023\/06\/Slide14-300x300.png 300w, https:\/\/agentur-schneckenreither.com\/wp-content\/uploads\/2023\/06\/Slide14-150x150.png 150w, https:\/\/agentur-schneckenreither.com\/wp-content\/uploads\/2023\/06\/Slide14-768x768.png 768w\" sizes=\"auto, (max-width: 1000px) 100vw, 1000px\" \/><figcaption class=\"wp-element-caption\">LCM 180 ATC-S \u00dcberzugsmaschine<\/figcaption><\/figure>\n\n\n\n<figure class=\"wp-block-image\"><img loading=\"lazy\" decoding=\"async\" width=\"1000\" height=\"1000\" data-id=\"488\" src=\"https:\/\/agentur-schneckenreither.com\/wp-content\/uploads\/2023\/06\/Slide10.png\" alt=\"\" class=\"wp-image-488\" srcset=\"https:\/\/agentur-schneckenreither.com\/wp-content\/uploads\/2023\/06\/Slide10.png 1000w, https:\/\/agentur-schneckenreither.com\/wp-content\/uploads\/2023\/06\/Slide10-300x300.png 300w, https:\/\/agentur-schneckenreither.com\/wp-content\/uploads\/2023\/06\/Slide10-150x150.png 150w, https:\/\/agentur-schneckenreither.com\/wp-content\/uploads\/2023\/06\/Slide10-768x768.png 768w\" sizes=\"auto, (max-width: 1000px) 100vw, 1000px\" \/><figcaption class=\"wp-element-caption\">LCM ATC \u00dcberzugsmaschine<\/figcaption><\/figure>\n\n\n\n<figure class=\"wp-block-image\"><img loading=\"lazy\" decoding=\"async\" width=\"1000\" height=\"1000\" data-id=\"489\" src=\"https:\/\/agentur-schneckenreither.com\/wp-content\/uploads\/2023\/06\/Slide9.png\" alt=\"\" class=\"wp-image-489\" srcset=\"https:\/\/agentur-schneckenreither.com\/wp-content\/uploads\/2023\/06\/Slide9.png 1000w, https:\/\/agentur-schneckenreither.com\/wp-content\/uploads\/2023\/06\/Slide9-300x300.png 300w, https:\/\/agentur-schneckenreither.com\/wp-content\/uploads\/2023\/06\/Slide9-150x150.png 150w, https:\/\/agentur-schneckenreither.com\/wp-content\/uploads\/2023\/06\/Slide9-768x768.png 768w\" sizes=\"auto, (max-width: 1000px) 100vw, 1000px\" \/><figcaption class=\"wp-element-caption\">LCM ATC-P \u00dcberzugsmaschine<\/figcaption><\/figure>\n\n\n\n<figure class=\"wp-block-image\"><img loading=\"lazy\" decoding=\"async\" width=\"1000\" height=\"1000\" data-id=\"491\" src=\"https:\/\/agentur-schneckenreither.com\/wp-content\/uploads\/2023\/06\/Slide7.png\" alt=\"\" class=\"wp-image-491\" srcset=\"https:\/\/agentur-schneckenreither.com\/wp-content\/uploads\/2023\/06\/Slide7.png 1000w, https:\/\/agentur-schneckenreither.com\/wp-content\/uploads\/2023\/06\/Slide7-300x300.png 300w, https:\/\/agentur-schneckenreither.com\/wp-content\/uploads\/2023\/06\/Slide7-150x150.png 150w, https:\/\/agentur-schneckenreither.com\/wp-content\/uploads\/2023\/06\/Slide7-768x768.png 768w\" sizes=\"auto, (max-width: 1000px) 100vw, 1000px\" \/><figcaption class=\"wp-element-caption\">LCM Aufl\u00f6ser <\/figcaption><\/figure>\n\n\n\n<figure class=\"wp-block-image\"><img loading=\"lazy\" decoding=\"async\" width=\"1000\" height=\"1000\" data-id=\"497\" src=\"https:\/\/agentur-schneckenreither.com\/wp-content\/uploads\/2023\/06\/Slide-4.png\" alt=\"\" class=\"wp-image-497\" srcset=\"https:\/\/agentur-schneckenreither.com\/wp-content\/uploads\/2023\/06\/Slide-4.png 1000w, https:\/\/agentur-schneckenreither.com\/wp-content\/uploads\/2023\/06\/Slide-4-300x300.png 300w, https:\/\/agentur-schneckenreither.com\/wp-content\/uploads\/2023\/06\/Slide-4-150x150.png 150w, https:\/\/agentur-schneckenreither.com\/wp-content\/uploads\/2023\/06\/Slide-4-768x768.png 768w\" sizes=\"auto, (max-width: 1000px) 100vw, 1000px\" \/><figcaption class=\"wp-element-caption\">LCM CTB K\u00fchltunnel <\/figcaption><\/figure>\n\n\n\n<figure class=\"wp-block-image\"><img loading=\"lazy\" decoding=\"async\" width=\"1000\" height=\"1000\" data-id=\"495\" src=\"https:\/\/agentur-schneckenreither.com\/wp-content\/uploads\/2023\/06\/Slide2.png\" alt=\"\" class=\"wp-image-495\" srcset=\"https:\/\/agentur-schneckenreither.com\/wp-content\/uploads\/2023\/06\/Slide2.png 1000w, https:\/\/agentur-schneckenreither.com\/wp-content\/uploads\/2023\/06\/Slide2-300x300.png 300w, https:\/\/agentur-schneckenreither.com\/wp-content\/uploads\/2023\/06\/Slide2-150x150.png 150w, https:\/\/agentur-schneckenreither.com\/wp-content\/uploads\/2023\/06\/Slide2-768x768.png 768w\" sizes=\"auto, (max-width: 1000px) 100vw, 1000px\" \/><figcaption class=\"wp-element-caption\">LCM Bandk\u00fchler <\/figcaption><\/figure>\n\n\n\n<figure class=\"wp-block-image\"><img loading=\"lazy\" decoding=\"async\" width=\"1000\" height=\"1000\" data-id=\"493\" src=\"https:\/\/agentur-schneckenreither.com\/wp-content\/uploads\/2023\/06\/Slide5.png\" alt=\"\" class=\"wp-image-493\" srcset=\"https:\/\/agentur-schneckenreither.com\/wp-content\/uploads\/2023\/06\/Slide5.png 1000w, https:\/\/agentur-schneckenreither.com\/wp-content\/uploads\/2023\/06\/Slide5-300x300.png 300w, https:\/\/agentur-schneckenreither.com\/wp-content\/uploads\/2023\/06\/Slide5-150x150.png 150w, https:\/\/agentur-schneckenreither.com\/wp-content\/uploads\/2023\/06\/Slide5-768x768.png 768w\" sizes=\"auto, (max-width: 1000px) 100vw, 1000px\" \/><figcaption class=\"wp-element-caption\">LCM \u00dcberzugsanlage<\/figcaption><\/figure>\n<\/figure>\n<\/div>\n<\/div>\n<\/div><\/div>","protected":false},"excerpt":{"rendered":"<p>LCM Schokoladenmaschinen wurde im Jahr 2000 von den branchenerfahrenen Maschinenbaubr\u00fcdern J\u00fcrgen und Markus Leute gegr\u00fcndet. Bei LCM verschmelzen Technikwissen und langj\u00e4hrige Erfahrung in der Schokoladenverarbeitung. Daraus entsteht ein Maschinensortiment, ma\u00dfgeschneidert f\u00fcr das Konditorei &#8211; und Confiserie &#8211; Handwerk.&nbsp; Das hochspezialisierte Sortiment an Maschinen und Anlagen f\u00fcr die Schokoladenverarbeitung bietet sehr flexible Verwendungsm\u00f6glichkeiten, reibungslose Abl\u00e4ufe und&hellip;&nbsp;<a href=\"https:\/\/agentur-schneckenreither.com\/fr\/lcm-schokoladenmaschine\/\" rel=\"bookmark\">Lire la suite &raquo;<span class=\"screen-reader-text\">Machines \u00e0 chocolat LCM<\/span><\/a><\/p>","protected":false},"author":1,"featured_media":0,"parent":0,"menu_order":0,"comment_status":"closed","ping_status":"closed","template":"","meta":{"neve_meta_sidebar":"","neve_meta_container":"","neve_meta_enable_content_width":"","neve_meta_content_width":0,"neve_meta_title_alignment":"","neve_meta_author_avatar":"","neve_post_elements_order":"","neve_meta_disable_header":"","neve_meta_disable_footer":"","neve_meta_disable_title":"","_themeisle_gutenberg_block_has_review":false,"footnotes":""},"class_list":["post-307","page","type-page","status-publish","hentry"],"_links":{"self":[{"href":"https:\/\/agentur-schneckenreither.com\/fr\/wp-json\/wp\/v2\/pages\/307","targetHints":{"allow":["GET"]}}],"collection":[{"href":"https:\/\/agentur-schneckenreither.com\/fr\/wp-json\/wp\/v2\/pages"}],"about":[{"href":"https:\/\/agentur-schneckenreither.com\/fr\/wp-json\/wp\/v2\/types\/page"}],"author":[{"embeddable":true,"href":"https:\/\/agentur-schneckenreither.com\/fr\/wp-json\/wp\/v2\/users\/1"}],"replies":[{"embeddable":true,"href":"https:\/\/agentur-schneckenreither.com\/fr\/wp-json\/wp\/v2\/comments?post=307"}],"version-history":[{"count":20,"href":"https:\/\/agentur-schneckenreither.com\/fr\/wp-json\/wp\/v2\/pages\/307\/revisions"}],"predecessor-version":[{"id":725,"href":"https:\/\/agentur-schneckenreither.com\/fr\/wp-json\/wp\/v2\/pages\/307\/revisions\/725"}],"wp:attachment":[{"href":"https:\/\/agentur-schneckenreither.com\/fr\/wp-json\/wp\/v2\/media?parent=307"}],"curies":[{"name":"wp","href":"https:\/\/api.w.org\/{rel}","templated":true}]}}